{"id":9,"date":"2026-01-07T07:49:40","date_gmt":"2026-01-07T07:49:40","guid":{"rendered":"https:\/\/zwergli-turnen.ch\/?page_id=9"},"modified":"2026-04-13T07:54:42","modified_gmt":"2026-04-13T07:54:42","slug":"zwergliturnen-uster","status":"publish","type":"page","link":"https:\/\/zwergli-turnen.ch\/","title":{"rendered":"Zwergliturnen Uster"},"content":{"rendered":"\n<figure class=\"wp-block-image size-full\"><img loading=\"lazy\" decoding=\"async\" width=\"715\" height=\"200\" src=\"https:\/\/zwergli-turnen.ch\/wp-content\/uploads\/2026\/02\/Zwischenablage02.jpg\" alt=\"\" class=\"wp-image-32\" srcset=\"https:\/\/zwergli-turnen.ch\/wp-content\/uploads\/2026\/02\/Zwischenablage02.jpg 715w, https:\/\/zwergli-turnen.ch\/wp-content\/uploads\/2026\/02\/Zwischenablage02-300x84.jpg 300w\" sizes=\"auto, (max-width: 715px) 100vw, 715px\" \/><\/figure>\n\n\n\n<p>Das Zwergliturnen ist ein Turnen f\u00fcr Kinder von ca. 1 (Laufalter) bis ca. 4 (bis Kindergarten) Jahren. J\u00fcngere Geschwister sind willkommen. Wir treffen uns Freitags von 10:00 bis 11:30 in der Turnhalle Buchholz in Uster. <\/p>\n\n\n\n<div class=\"wp-block-group has-background has-global-padding is-layout-constrained wp-block-group-is-layout-constrained\" style=\"background:linear-gradient(135deg,rgb(6,147,227) 0%,rgb(255,255,255) 31%,rgb(155,81,224) 100%)\">\n<p><strong>News:<\/strong> <\/p>\n\n\n\n<p>Kein Turnen<\/p>\n\n\n\n<ul class=\"wp-block-list\">\n<li>Fr\u00fchlingsferien: 20. April &#8211; 1. Mai 2026<\/li>\n\n\n\n<li>Auffahrt (Br\u00fccke) 15.5.2026<\/li>\n\n\n\n<li>Sommerferien 13.7.-14.8.<\/li>\n<\/ul>\n<\/div>\n\n\n\n<p>Wir stellen gemeinsam Bewegungslandschaften auf, in denen die Kinder nach dem Begr\u00fcssungslied dann frei turnen d\u00fcrfen, wie sie gerade m\u00f6chten. Am Schluss r\u00e4umen wir gemeinsam wieder auf und machen ein Abschiedsritual.<\/p>\n\n\n\n<figure class=\"wp-block-image size-full is-resized\"><img loading=\"lazy\" decoding=\"async\" width=\"212\" height=\"300\" src=\"https:\/\/zwergli-turnen.ch\/wp-content\/uploads\/2026\/02\/Bilder.png\" alt=\"\" class=\"wp-image-33\" style=\"width:98px;height:auto\"\/><\/figure>\n\n\n\n<p><strong>Eindr\u00fccke vom Turnen:<\/strong><\/p>\n\n\n\n<figure class=\"wp-block-gallery has-nested-images columns-default is-cropped wp-block-gallery-1 is-layout-flex wp-block-gallery-is-layout-flex\">\n<figure class=\"wp-block-image size-large\"><img loading=\"lazy\" decoding=\"async\" width=\"768\" height=\"1024\" data-id=\"16\" src=\"https:\/\/zwergli-turnen.ch\/wp-content\/uploads\/2026\/01\/20220318_101403-1-768x1024.jpg\" alt=\"\" class=\"wp-image-16\" srcset=\"https:\/\/zwergli-turnen.ch\/wp-content\/uploads\/2026\/01\/20220318_101403-1-768x1024.jpg 768w, https:\/\/zwergli-turnen.ch\/wp-content\/uploads\/2026\/01\/20220318_101403-1-225x300.jpg 225w, https:\/\/zwergli-turnen.ch\/wp-content\/uploads\/2026\/01\/20220318_101403-1-1152x1536.jpg 1152w, https:\/\/zwergli-turnen.ch\/wp-content\/uploads\/2026\/01\/20220318_101403-1-1536x2048.jpg 1536w, https:\/\/zwergli-turnen.ch\/wp-content\/uploads\/2026\/01\/20220318_101403-1-scaled.jpg 1920w\" sizes=\"auto, (max-width: 768px) 100vw, 768px\" \/><\/figure>\n\n\n\n<figure class=\"wp-block-image size-large\"><img loading=\"lazy\" decoding=\"async\" width=\"1024\" height=\"569\" data-id=\"17\" src=\"https:\/\/zwergli-turnen.ch\/wp-content\/uploads\/2026\/01\/IMG-20220421-WA0006-1024x569.jpg\" alt=\"\" class=\"wp-image-17\" srcset=\"https:\/\/zwergli-turnen.ch\/wp-content\/uploads\/2026\/01\/IMG-20220421-WA0006-1024x569.jpg 1024w, https:\/\/zwergli-turnen.ch\/wp-content\/uploads\/2026\/01\/IMG-20220421-WA0006-300x167.jpg 300w, https:\/\/zwergli-turnen.ch\/wp-content\/uploads\/2026\/01\/IMG-20220421-WA0006-768x427.jpg 768w, https:\/\/zwergli-turnen.ch\/wp-content\/uploads\/2026\/01\/IMG-20220421-WA0006-1536x854.jpg 1536w, https:\/\/zwergli-turnen.ch\/wp-content\/uploads\/2026\/01\/IMG-20220421-WA0006.jpg 1667w\" sizes=\"auto, (max-width: 1024px) 100vw, 1024px\" \/><\/figure>\n\n\n\n<figure class=\"wp-block-image size-large\"><img loading=\"lazy\" decoding=\"async\" width=\"768\" height=\"1024\" data-id=\"18\" src=\"https:\/\/zwergli-turnen.ch\/wp-content\/uploads\/2026\/01\/20220318_105352-768x1024.jpg\" alt=\"\" class=\"wp-image-18\" srcset=\"https:\/\/zwergli-turnen.ch\/wp-content\/uploads\/2026\/01\/20220318_105352-768x1024.jpg 768w, https:\/\/zwergli-turnen.ch\/wp-content\/uploads\/2026\/01\/20220318_105352-225x300.jpg 225w, https:\/\/zwergli-turnen.ch\/wp-content\/uploads\/2026\/01\/20220318_105352-1152x1536.jpg 1152w, https:\/\/zwergli-turnen.ch\/wp-content\/uploads\/2026\/01\/20220318_105352-1536x2048.jpg 1536w, https:\/\/zwergli-turnen.ch\/wp-content\/uploads\/2026\/01\/20220318_105352-scaled.jpg 1920w\" sizes=\"auto, (max-width: 768px) 100vw, 768px\" \/><\/figure>\n\n\n\n<figure class=\"wp-block-image size-large\"><img loading=\"lazy\" decoding=\"async\" width=\"1024\" height=\"768\" data-id=\"11\" src=\"https:\/\/zwergli-turnen.ch\/wp-content\/uploads\/2026\/01\/IMG-20220421-WA0000.jpg\" alt=\"\" class=\"wp-image-11\" srcset=\"https:\/\/zwergli-turnen.ch\/wp-content\/uploads\/2026\/01\/IMG-20220421-WA0000.jpg 1024w, https:\/\/zwergli-turnen.ch\/wp-content\/uploads\/2026\/01\/IMG-20220421-WA0000-300x225.jpg 300w, https:\/\/zwergli-turnen.ch\/wp-content\/uploads\/2026\/01\/IMG-20220421-WA0000-768x576.jpg 768w\" sizes=\"auto, (max-width: 1024px) 100vw, 1024px\" \/><\/figure>\n\n\n\n<figure class=\"wp-block-image size-large\"><img loading=\"lazy\" decoding=\"async\" width=\"768\" height=\"1024\" data-id=\"19\" src=\"https:\/\/zwergli-turnen.ch\/wp-content\/uploads\/2026\/01\/20220325_101803-1-768x1024.jpg\" alt=\"\" class=\"wp-image-19\" srcset=\"https:\/\/zwergli-turnen.ch\/wp-content\/uploads\/2026\/01\/20220325_101803-1-768x1024.jpg 768w, https:\/\/zwergli-turnen.ch\/wp-content\/uploads\/2026\/01\/20220325_101803-1-225x300.jpg 225w, https:\/\/zwergli-turnen.ch\/wp-content\/uploads\/2026\/01\/20220325_101803-1-1152x1536.jpg 1152w, https:\/\/zwergli-turnen.ch\/wp-content\/uploads\/2026\/01\/20220325_101803-1-1536x2048.jpg 1536w, https:\/\/zwergli-turnen.ch\/wp-content\/uploads\/2026\/01\/20220325_101803-1-scaled.jpg 1920w\" sizes=\"auto, (max-width: 768px) 100vw, 768px\" \/><\/figure>\n<\/figure>\n\n\n\n<p><\/p>\n\n\n\n<p>Aktuell ist das Zwergliturnen voll, wir f\u00fchren eine Warteliste. F\u00fcr Anmeldungen f\u00fcr die Warteliste schreiben Sie bitte eine E-Mail an zwergliturnen@gmail.com mit folgenden Angaben: Name, Wohnort, Alter des Kindes, Anzahl der Kinder. Aktuell k\u00f6nnen wir nur Kinder aus Uster, Greifensee, Wermatswil, N\u00e4nikon und M\u00f6nchaltorf aufnehmen. Regelm\u00e4ssige Teilnahme wird erwartet.<\/p>\n\n\n\n<figure class=\"wp-block-image size-full is-resized\"><img loading=\"lazy\" decoding=\"async\" width=\"212\" height=\"300\" src=\"https:\/\/zwergli-turnen.ch\/wp-content\/uploads\/2026\/02\/Bilder.png\" alt=\"\" class=\"wp-image-33\" style=\"width:98px;height:auto\"\/><\/figure>\n\n\n\n<p>Aktuelle Wartezeit: mind. 1,5 Jahre<\/p>\n","protected":false},"excerpt":{"rendered":"<p>Das Zwergliturnen ist ein Turnen f\u00fcr Kinder von ca. 1 (Laufalter) bis ca. 4 (bis Kindergarten) Jahren. J\u00fcngere Geschwister sind willkommen. Wir treffen uns Freitags von 10:00 bis 11:30 in der Turnhalle Buchholz in Uster. News: Kein Turnen Wir stellen gemeinsam Bewegungslandschaften auf, in denen die Kinder nach dem Begr\u00fcssungslied dann frei turnen d\u00fcrfen, wie [&hellip;]<\/p>\n","protected":false},"author":1,"featured_media":0,"parent":0,"menu_order":0,"comment_status":"closed","ping_status":"closed","template":"","meta":{"footnotes":""},"class_list":["post-9","page","type-page","status-publish","hentry"],"_links":{"self":[{"href":"https:\/\/zwergli-turnen.ch\/index.php\/wp-json\/wp\/v2\/pages\/9","targetHints":{"allow":["GET"]}}],"collection":[{"href":"https:\/\/zwergli-turnen.ch\/index.php\/wp-json\/wp\/v2\/pages"}],"about":[{"href":"https:\/\/zwergli-turnen.ch\/index.php\/wp-json\/wp\/v2\/types\/page"}],"author":[{"embeddable":true,"href":"https:\/\/zwergli-turnen.ch\/index.php\/wp-json\/wp\/v2\/users\/1"}],"replies":[{"embeddable":true,"href":"https:\/\/zwergli-turnen.ch\/index.php\/wp-json\/wp\/v2\/comments?post=9"}],"version-history":[{"count":14,"href":"https:\/\/zwergli-turnen.ch\/index.php\/wp-json\/wp\/v2\/pages\/9\/revisions"}],"predecessor-version":[{"id":39,"href":"https:\/\/zwergli-turnen.ch\/index.php\/wp-json\/wp\/v2\/pages\/9\/revisions\/39"}],"wp:attachment":[{"href":"https:\/\/zwergli-turnen.ch\/index.php\/wp-json\/wp\/v2\/media?parent=9"}],"curies":[{"name":"wp","href":"https:\/\/api.w.org\/{rel}","templated":true}]}}